{"id":1209,"date":"2020-06-03T16:37:46","date_gmt":"2020-06-03T14:37:46","guid":{"rendered":"http:\/\/www.naef-kanal.ch\/kanalreinigung\/?page_id=1209"},"modified":"2020-06-04T14:29:40","modified_gmt":"2020-06-04T12:29:40","slug":"kanalsanierung","status":"publish","type":"page","link":"https:\/\/www.naef-kanal.ch\/kanalreinigung\/dienstleistungen\/kanalsanierung\/","title":{"rendered":"Kanalsanierung"},"content":{"rendered":"<h2>Leitungssanierungen vom K\u00fcchenablauf bis zur Kl\u00e4ranlage.<\/h2>\n<p>&nbsp;<\/p>\n<p>Seit Februar 2019 sind wir stolze Besitzer einer Kanalsanierungsanlage. Mit dieser sind wir in der Lage, Leitungen aller Art mittels Inlining-Verfahren zu sanieren und dauerhaft abzudichten.<\/p>\n<p>&nbsp;<\/p>\n\n<div class=\"ngg-galleryoverview\" id=\"ngg-gallery-23-1209\">\n\n\n\t\n\t<!-- Thumbnails -->\n\t\t\n\t<div id=\"ngg-image-311\" class=\"ngg-gallery-thumbnail-box\"  >\n\t\t<div class=\"ngg-gallery-thumbnail\" >\n\t\t\t<a href=\"https:\/\/www.naef-kanal.ch\/kanalreinigung\/wp-content\/gallery\/kanalsanierung\/kanalsanierung_01.jpg\" class=\"gallery_colorbox\" title=\" \"  >\n\t\t\t\t\t\t\t\t<img loading=\"lazy\" decoding=\"async\" title=\"Kanalsanierung\" alt=\" \" src=\"https:\/\/www.naef-kanal.ch\/kanalreinigung\/wp-content\/gallery\/kanalsanierung\/thumbs\/thumbs_kanalsanierung_01.jpg\"  width=\"272\" height=\"153\" \/>\n\t\t\t\t\t\t\t<\/a>\n\t\t<\/div>\n\t<\/div>\n\t\n\t\t\n \t \t\n\t<!-- Pagination -->\n \t<div class=\"ngg-clear\"><\/div> \t\n<\/div>\n\n\n<p>&nbsp;<\/p>\n<p>Beim Inliningverfahren wird ein mit Harz getr\u00e4nkter Schlauch in den Kanal eingezogen und nachher ausgeh\u00e4rtet. Der grosse Vorteil ist, dass die Leitungen ohne Grabarbeiten saniert werden k\u00f6nnen.<\/p>\n<p>&nbsp;<\/p>\n<p>Unser geschultes Personal kann Leitungen vom K\u00fcchenablauf ab DM50 bis zur Kl\u00e4ranlage zu sanieren. Ebenfalls geh\u00f6rt das Auskleiden und Abdichten von Sch\u00e4chten aller Art dazu.<\/p>\n<p>&nbsp;<\/p>\n<p>Mit diesem System ist die g\u00fcnstigste Sanierungsvariante garantiert! Gerne k\u00f6nnen Sie eine unverbindliche Offerte anfordern! Bei Fragen steht Ihnen unser Herrn Karl Hofmann jederzeit zur Verf\u00fcgung!<br \/>\nTelefon: <strong>076 690 15 76<\/strong><\/p>\n<p>&nbsp;<\/p>\n<p>Fragen Sie uns f\u00fcr Ihren Auftrag an, <a href=\"https:\/\/www.naef-kanal.ch\/kanalreinigung\/kontakt\">verlangen Sie unsere Offerte<\/a>!<\/p>\n","protected":false},"excerpt":{"rendered":"<p>Leitungssanierungen vom K\u00fcchenablauf bis zur Kl\u00e4ranlage. &nbsp; Seit Februar 2019 sind wir stolze Besitzer einer Kanalsanierungsanlage. Mit dieser sind wir in der Lage, Leitungen aller Art mittels Inlining-Verfahren zu sanieren und dauerhaft abzudichten. &nbsp; &nbsp; Beim Inliningverfahren wird ein mit Harz getr\u00e4nkter Schlauch in den Kanal eingezogen und nachher ausgeh\u00e4rtet. Der grosse Vorteil ist, dass [&hellip;]<\/p>\n","protected":false},"author":2,"featured_media":0,"parent":13,"menu_order":0,"comment_status":"closed","ping_status":"closed","template":"","meta":{"footnotes":""},"class_list":["post-1209","page","type-page","status-publish","hentry"],"_links":{"self":[{"href":"https:\/\/www.naef-kanal.ch\/kanalreinigung\/wp-json\/wp\/v2\/pages\/1209","targetHints":{"allow":["GET"]}}],"collection":[{"href":"https:\/\/www.naef-kanal.ch\/kanalreinigung\/wp-json\/wp\/v2\/pages"}],"about":[{"href":"https:\/\/www.naef-kanal.ch\/kanalreinigung\/wp-json\/wp\/v2\/types\/page"}],"author":[{"embeddable":true,"href":"https:\/\/www.naef-kanal.ch\/kanalreinigung\/wp-json\/wp\/v2\/users\/2"}],"replies":[{"embeddable":true,"href":"https:\/\/www.naef-kanal.ch\/kanalreinigung\/wp-json\/wp\/v2\/comments?post=1209"}],"version-history":[{"count":8,"href":"https:\/\/www.naef-kanal.ch\/kanalreinigung\/wp-json\/wp\/v2\/pages\/1209\/revisions"}],"predecessor-version":[{"id":1223,"href":"https:\/\/www.naef-kanal.ch\/kanalreinigung\/wp-json\/wp\/v2\/pages\/1209\/revisions\/1223"}],"up":[{"embeddable":true,"href":"https:\/\/www.naef-kanal.ch\/kanalreinigung\/wp-json\/wp\/v2\/pages\/13"}],"wp:attachment":[{"href":"https:\/\/www.naef-kanal.ch\/kanalreinigung\/wp-json\/wp\/v2\/media?parent=1209"}],"curies":[{"name":"wp","href":"https:\/\/api.w.org\/{rel}","templated":true}]}}