{"id":13,"date":"2013-07-15T14:44:04","date_gmt":"2013-07-15T12:44:04","guid":{"rendered":"http:\/\/www.naef-kanal.ch\/kanalreinigung\/?page_id=13"},"modified":"2019-09-02T16:36:12","modified_gmt":"2019-09-02T14:36:12","slug":"dienstleistungen","status":"publish","type":"page","link":"https:\/\/www.naef-kanal.ch\/kanalreinigung\/dienstleistungen\/","title":{"rendered":"Dienstleistungen"},"content":{"rendered":"<h2>Unsere Dienstleistungen reichen vom K\u00fcchenablauf bis zur Kl\u00e4ranlage.<\/h2>\n<p>\u00a0 \u00a0 <div id=\"service_page_container\"><div class=\"resize symbol_container_big imageswap\"><a href=\"\/kanalreinigung\/kanalspuehlung\"class=\"service_page_link\"><img loading=\"lazy\" decoding=\"async\" src=\"https:\/\/www.naef-kanal.ch\/kanalreinigung\/wp-content\/themes\/naef-kanal\/images\/262b_p.png\" width=\"116\" height=\"116\" border=\"0\" class=\"resize\"><br>Kanal-<br>sp\u00fclung<\/a><\/div><div class=\"resize symbol_container_big imageswap\"><a href=\"\/kanalreinigung\/kalk-fraesen\"class=\"service_page_link\"><img loading=\"lazy\" decoding=\"async\" src=\"https:\/\/www.naef-kanal.ch\/kanalreinigung\/wp-content\/themes\/naef-kanal\/images\/264b_p.png\" width=\"116\" height=\"116\" border=\"0\" class=\"resize\"><br>Fr\u00e4s-<br>arbeiten<\/a><\/div><div class=\"resize symbol_container_big imageswap\"><a href=\"\/kanalreinigung\/entsorgung\"class=\"service_page_link\"><img loading=\"lazy\" decoding=\"async\" src=\"https:\/\/www.naef-kanal.ch\/kanalreinigung\/wp-content\/themes\/naef-kanal\/images\/266b_p.png\" width=\"116\" height=\"116\" border=\"0\" class=\"resize\"><br>Entsorgung<\/a><\/div><div class=\"resize symbol_container_big imageswap\"><a href=\"\/kanalreinigung\/saugarbeiten\"class=\"service_page_link\"><img loading=\"lazy\" decoding=\"async\" src=\"https:\/\/www.naef-kanal.ch\/kanalreinigung\/wp-content\/themes\/naef-kanal\/images\/268b_p.png\" width=\"116\" height=\"116\" border=\"0\" class=\"resize\"><br>Saug-<br>arbeiten<\/a><\/div><div class=\"resize symbol_container_big imageswap\"><a href=\"\/kanalreinigung\/kanalfernsehen\"class=\"service_page_link\"><img loading=\"lazy\" decoding=\"async\" src=\"https:\/\/www.naef-kanal.ch\/kanalreinigung\/wp-content\/themes\/naef-kanal\/images\/270b_p.png\" width=\"116\" height=\"116\" border=\"0\" class=\"resize\"><br>Kanal&shy;fernsehen<\/a><\/div><div class=\"resize symbol_container_big imageswap\"><a href=\"\/kanalreinigung\/dichtigkeitspruefung\"class=\"service_page_link\"><img loading=\"lazy\" decoding=\"async\" src=\"https:\/\/www.naef-kanal.ch\/kanalreinigung\/wp-content\/themes\/naef-kanal\/images\/272b_p.png\" width=\"116\" height=\"116\" border=\"0\" class=\"resize\"><br>Dichtigkeits&shy;pr\u00fcfung<\/a><\/div><div class=\"resize symbol_container_big imageswap\"><a href=\"\/kanalreinigung\/leitungen-orten\"class=\"service_page_link\"><img loading=\"lazy\" decoding=\"async\" src=\"https:\/\/www.naef-kanal.ch\/kanalreinigung\/wp-content\/themes\/naef-kanal\/images\/274b_p.png\" width=\"116\" height=\"116\" border=\"0\" class=\"resize\"><br>Leitungen orten<\/a><\/div><div class=\"resize symbol_container_big imageswap\"><a href=\"\/kanalreinigung\/strassen-waschen\"class=\"service_page_link\"><img loading=\"lazy\" decoding=\"async\" src=\"https:\/\/www.naef-kanal.ch\/kanalreinigung\/wp-content\/themes\/naef-kanal\/images\/276b_p.png\" width=\"116\" height=\"116\" border=\"0\" class=\"resize\"><br>Strassen waschen<\/a><\/div><div class=\"resize symbol_container_big imageswap\"><a href=\"\/kanalreinigung\/kanalsanierung\"class=\"service_page_link\"><img loading=\"lazy\" decoding=\"async\" src=\"https:\/\/www.naef-kanal.ch\/kanalreinigung\/wp-content\/themes\/naef-kanal\/images\/1209b_p.png\" width=\"116\" height=\"116\" border=\"0\" class=\"resize\"><br>Kanal&shy;sanierung<\/a><\/div><\/div><div style=\"clear:both\"><\/div> Bitte klicken Sie auf den gew\u00fcnschten Service!<\/p>\n","protected":false},"excerpt":{"rendered":"<p>Unsere Dienstleistungen reichen vom K\u00fcchenablauf bis zur Kl\u00e4ranlage. \u00a0 \u00a0 Kanal-sp\u00fclungFr\u00e4s-arbeitenEntsorgungSaug-arbeitenKanal&shy;fernsehenDichtigkeits&shy;pr\u00fcfungLeitungen ortenStrassen waschenKanal&shy;sanierung Bitte klicken Sie auf den gew\u00fcnschten Service!<\/p>\n","protected":false},"author":2,"featured_media":0,"parent":0,"menu_order":6,"comment_status":"open","ping_status":"closed","template":"","meta":{"footnotes":""},"class_list":["post-13","page","type-page","status-publish","hentry"],"_links":{"self":[{"href":"https:\/\/www.naef-kanal.ch\/kanalreinigung\/wp-json\/wp\/v2\/pages\/13","targetHints":{"allow":["GET"]}}],"collection":[{"href":"https:\/\/www.naef-kanal.ch\/kanalreinigung\/wp-json\/wp\/v2\/pages"}],"about":[{"href":"https:\/\/www.naef-kanal.ch\/kanalreinigung\/wp-json\/wp\/v2\/types\/page"}],"author":[{"embeddable":true,"href":"https:\/\/www.naef-kanal.ch\/kanalreinigung\/wp-json\/wp\/v2\/users\/2"}],"replies":[{"embeddable":true,"href":"https:\/\/www.naef-kanal.ch\/kanalreinigung\/wp-json\/wp\/v2\/comments?post=13"}],"version-history":[{"count":1,"href":"https:\/\/www.naef-kanal.ch\/kanalreinigung\/wp-json\/wp\/v2\/pages\/13\/revisions"}],"predecessor-version":[{"id":1065,"href":"https:\/\/www.naef-kanal.ch\/kanalreinigung\/wp-json\/wp\/v2\/pages\/13\/revisions\/1065"}],"wp:attachment":[{"href":"https:\/\/www.naef-kanal.ch\/kanalreinigung\/wp-json\/wp\/v2\/media?parent=13"}],"curies":[{"name":"wp","href":"https:\/\/api.w.org\/{rel}","templated":true}]}}