{"id":1332,"date":"2023-03-31T11:09:09","date_gmt":"2023-03-31T09:09:09","guid":{"rendered":"https:\/\/www.naef-kanal.ch\/kanalreinigung\/?page_id=1332"},"modified":"2023-03-31T11:20:55","modified_gmt":"2023-03-31T09:20:55","slug":"jobs","status":"publish","type":"page","link":"https:\/\/www.naef-kanal.ch\/kanalreinigung\/jobs\/","title":{"rendered":"Jobs"},"content":{"rendered":"<p>Wir suchen laufend Facharbeiter im Bereich Kanalreinigung f\u00fcr Kleinsp\u00fcler bis 3.5 To. oder Lkw \u00fcber 3.5 To.<\/p>\n<p>und Kanal-Fernseh-Operateure.<\/p>\n<p>Voraussetzungen sind eine sehr gute technische Ausbildung oder\u00a0 Computeranwendungskenntnisse f\u00fcr Kanal-TV.<\/p>\n<p>Interesse geweckt?<\/p>\n<p>Dann bewerben Sie sich gerne bei uns!<\/p>\n<p>info@naef-kanal.ch<\/p>\n","protected":false},"excerpt":{"rendered":"<p>Wir suchen laufend Facharbeiter im Bereich Kanalreinigung f\u00fcr Kleinsp\u00fcler bis 3.5 To. oder Lkw \u00fcber 3.5 To. und Kanal-Fernseh-Operateure. Voraussetzungen sind eine sehr gute technische Ausbildung oder\u00a0 Computeranwendungskenntnisse f\u00fcr Kanal-TV. Interesse geweckt? Dann bewerben Sie sich gerne bei uns! info@naef-kanal.ch<\/p>\n","protected":false},"author":2,"featured_media":0,"parent":0,"menu_order":0,"comment_status":"closed","ping_status":"closed","template":"","meta":{"footnotes":""},"class_list":["post-1332","page","type-page","status-publish","hentry"],"_links":{"self":[{"href":"https:\/\/www.naef-kanal.ch\/kanalreinigung\/wp-json\/wp\/v2\/pages\/1332","targetHints":{"allow":["GET"]}}],"collection":[{"href":"https:\/\/www.naef-kanal.ch\/kanalreinigung\/wp-json\/wp\/v2\/pages"}],"about":[{"href":"https:\/\/www.naef-kanal.ch\/kanalreinigung\/wp-json\/wp\/v2\/types\/page"}],"author":[{"embeddable":true,"href":"https:\/\/www.naef-kanal.ch\/kanalreinigung\/wp-json\/wp\/v2\/users\/2"}],"replies":[{"embeddable":true,"href":"https:\/\/www.naef-kanal.ch\/kanalreinigung\/wp-json\/wp\/v2\/comments?post=1332"}],"version-history":[{"count":6,"href":"https:\/\/www.naef-kanal.ch\/kanalreinigung\/wp-json\/wp\/v2\/pages\/1332\/revisions"}],"predecessor-version":[{"id":1338,"href":"https:\/\/www.naef-kanal.ch\/kanalreinigung\/wp-json\/wp\/v2\/pages\/1332\/revisions\/1338"}],"wp:attachment":[{"href":"https:\/\/www.naef-kanal.ch\/kanalreinigung\/wp-json\/wp\/v2\/media?parent=1332"}],"curies":[{"name":"wp","href":"https:\/\/api.w.org\/{rel}","templated":true}]}}