{"id":262,"date":"2013-08-15T09:51:31","date_gmt":"2013-08-15T07:51:31","guid":{"rendered":"http:\/\/www.naef-kanal.ch\/kanalreinigung\/?page_id=262"},"modified":"2019-09-02T16:35:25","modified_gmt":"2019-09-02T14:35:25","slug":"kanalspuehlung","status":"publish","type":"page","link":"https:\/\/www.naef-kanal.ch\/kanalreinigung\/dienstleistungen\/kanalspuehlung\/","title":{"rendered":"Kanalsp\u00fclung"},"content":{"rendered":"<h2>Sp\u00fclen\u00a0von Kan\u00e4len und Leitungen\u00a0mit Wasser-Hochdruck in H\u00e4usern, Gemeinden und in der Industrie.<\/h2>\n<p>&nbsp;<\/p>\n<p>Mit unseren modernen und optimal ausger\u00fcsteten Sp\u00fclwagen f\u00fchren wir\u00a0folgende Sp\u00fclauftr\u00e4ge\u00a0effizient aus:<\/p>\n<p>&nbsp;<\/p>\n<ul>\n<li>Sp\u00fclen \/ Ablaufentstopfung von WC-, Badezimmer-, K\u00fcchen-, Lavabo-\u00a0und Wachk\u00fcchenabl\u00e4ufen in Privathaushalten<\/li>\n<li>Hausanschlussreinigung (Abwasserleitungen)<\/li>\n<li>Reinigung von Sicker- und Quellenfassungsleitungen<\/li>\n<li>Kanalreinigung in der Industrie<\/li>\n<li>Reinigungen von Kanalisationen in Gemeinden und St\u00e4dten<\/li>\n<li>Kl\u00e4ranlagen<\/li>\n<li>Baustellen: Reinigung von verkiesten oder verschlammte Leitungen<\/li>\n<\/ul>\n<p>&nbsp;<\/p>\n<p>Ob regelm\u00e4ssige Wartung oder Notfall, wir sind f\u00fcr Sie da!<\/p>\n<p>Fragen Sie uns f\u00fcr Ihren Auftrag an, <a href=\"https:\/\/www.naef-kanal.ch\/kanalreinigung\/kontakt\">verlangen Sie unsere Offerte<\/a>!<\/p>\n","protected":false},"excerpt":{"rendered":"<p>Sp\u00fclen\u00a0von Kan\u00e4len und Leitungen\u00a0mit Wasser-Hochdruck in H\u00e4usern, Gemeinden und in der Industrie. &nbsp; Mit unseren modernen und optimal ausger\u00fcsteten Sp\u00fclwagen f\u00fchren wir\u00a0folgende Sp\u00fclauftr\u00e4ge\u00a0effizient aus: &nbsp; Sp\u00fclen \/ Ablaufentstopfung von WC-, Badezimmer-, K\u00fcchen-, Lavabo-\u00a0und Wachk\u00fcchenabl\u00e4ufen in Privathaushalten Hausanschlussreinigung (Abwasserleitungen) Reinigung von Sicker- und Quellenfassungsleitungen Kanalreinigung in der Industrie Reinigungen von Kanalisationen in Gemeinden und St\u00e4dten Kl\u00e4ranlagen [&hellip;]<\/p>\n","protected":false},"author":2,"featured_media":0,"parent":13,"menu_order":1,"comment_status":"open","ping_status":"closed","template":"","meta":{"footnotes":""},"class_list":["post-262","page","type-page","status-publish","hentry"],"_links":{"self":[{"href":"https:\/\/www.naef-kanal.ch\/kanalreinigung\/wp-json\/wp\/v2\/pages\/262","targetHints":{"allow":["GET"]}}],"collection":[{"href":"https:\/\/www.naef-kanal.ch\/kanalreinigung\/wp-json\/wp\/v2\/pages"}],"about":[{"href":"https:\/\/www.naef-kanal.ch\/kanalreinigung\/wp-json\/wp\/v2\/types\/page"}],"author":[{"embeddable":true,"href":"https:\/\/www.naef-kanal.ch\/kanalreinigung\/wp-json\/wp\/v2\/users\/2"}],"replies":[{"embeddable":true,"href":"https:\/\/www.naef-kanal.ch\/kanalreinigung\/wp-json\/wp\/v2\/comments?post=262"}],"version-history":[{"count":1,"href":"https:\/\/www.naef-kanal.ch\/kanalreinigung\/wp-json\/wp\/v2\/pages\/262\/revisions"}],"predecessor-version":[{"id":1135,"href":"https:\/\/www.naef-kanal.ch\/kanalreinigung\/wp-json\/wp\/v2\/pages\/262\/revisions\/1135"}],"up":[{"embeddable":true,"href":"https:\/\/www.naef-kanal.ch\/kanalreinigung\/wp-json\/wp\/v2\/pages\/13"}],"wp:attachment":[{"href":"https:\/\/www.naef-kanal.ch\/kanalreinigung\/wp-json\/wp\/v2\/media?parent=262"}],"curies":[{"name":"wp","href":"https:\/\/api.w.org\/{rel}","templated":true}]}}