{"id":268,"date":"2013-08-15T09:52:36","date_gmt":"2013-08-15T07:52:36","guid":{"rendered":"http:\/\/www.naef-kanal.ch\/kanalreinigung\/?page_id=268"},"modified":"2013-09-10T14:12:00","modified_gmt":"2013-09-10T12:12:00","slug":"saugarbeiten","status":"publish","type":"page","link":"https:\/\/www.naef-kanal.ch\/kanalreinigung\/dienstleistungen\/saugarbeiten\/","title":{"rendered":"Saugarbeiten"},"content":{"rendered":"<h2>Absaugen von fl\u00fcssigen und festen Stoffen.<\/h2>\n<p>&nbsp;<\/p>\n<p>Folgende fl\u00fcssige\u00a0und feste Materialien k\u00f6nnen wir ohne Mengenbeschr\u00e4nkung absaugen:<\/p>\n<p>&nbsp;<\/p>\n<ul>\n<li>Asche<\/li>\n<li>Staub<\/li>\n<li>Strassensammler \/ Schlammsammler<\/li>\n<li>\u00d6l<\/li>\n<li>Jauche<\/li>\n<li>Kies von Flachd\u00e4chern<\/li>\n<li>Sand<\/li>\n<li>Isolationen (Schlacken)<\/li>\n<li>Filterst\u00e4ube<\/li>\n<li>Strahlsand<\/li>\n<li>Schlamm von Weihern und Biotopen<\/li>\n<li>Schlammgruben aller Art<\/li>\n<\/ul>\n<p>&nbsp;<\/p>\n<p>Fragen Sie uns f\u00fcr Ihren Auftrag an, <a href=\"https:\/\/www.naef-kanal.ch\/kanalreinigung\/kontakt\">verlangen Sie unsere Offerte<\/a>!<\/p>\n","protected":false},"excerpt":{"rendered":"<p>Absaugen von fl\u00fcssigen und festen Stoffen. &nbsp; Folgende fl\u00fcssige\u00a0und feste Materialien k\u00f6nnen wir ohne Mengenbeschr\u00e4nkung absaugen: &nbsp; Asche Staub Strassensammler \/ Schlammsammler \u00d6l Jauche Kies von Flachd\u00e4chern Sand Isolationen (Schlacken) Filterst\u00e4ube Strahlsand Schlamm von Weihern und Biotopen Schlammgruben aller Art &nbsp; Fragen Sie uns f\u00fcr Ihren Auftrag an, verlangen Sie unsere Offerte!<\/p>\n","protected":false},"author":2,"featured_media":0,"parent":13,"menu_order":4,"comment_status":"open","ping_status":"closed","template":"","meta":{"footnotes":""},"class_list":["post-268","page","type-page","status-publish","hentry"],"_links":{"self":[{"href":"https:\/\/www.naef-kanal.ch\/kanalreinigung\/wp-json\/wp\/v2\/pages\/268","targetHints":{"allow":["GET"]}}],"collection":[{"href":"https:\/\/www.naef-kanal.ch\/kanalreinigung\/wp-json\/wp\/v2\/pages"}],"about":[{"href":"https:\/\/www.naef-kanal.ch\/kanalreinigung\/wp-json\/wp\/v2\/types\/page"}],"author":[{"embeddable":true,"href":"https:\/\/www.naef-kanal.ch\/kanalreinigung\/wp-json\/wp\/v2\/users\/2"}],"replies":[{"embeddable":true,"href":"https:\/\/www.naef-kanal.ch\/kanalreinigung\/wp-json\/wp\/v2\/comments?post=268"}],"version-history":[{"count":0,"href":"https:\/\/www.naef-kanal.ch\/kanalreinigung\/wp-json\/wp\/v2\/pages\/268\/revisions"}],"up":[{"embeddable":true,"href":"https:\/\/www.naef-kanal.ch\/kanalreinigung\/wp-json\/wp\/v2\/pages\/13"}],"wp:attachment":[{"href":"https:\/\/www.naef-kanal.ch\/kanalreinigung\/wp-json\/wp\/v2\/media?parent=268"}],"curies":[{"name":"wp","href":"https:\/\/api.w.org\/{rel}","templated":true}]}}