{"id":272,"date":"2013-08-15T09:53:15","date_gmt":"2013-08-15T07:53:15","guid":{"rendered":"http:\/\/www.naef-kanal.ch\/kanalreinigung\/?page_id=272"},"modified":"2013-09-10T21:43:37","modified_gmt":"2013-09-10T19:43:37","slug":"dichtigkeitspruefung","status":"publish","type":"page","link":"https:\/\/www.naef-kanal.ch\/kanalreinigung\/dienstleistungen\/dichtigkeitspruefung\/","title":{"rendered":"Dichtigkeitspr\u00fcfung"},"content":{"rendered":"<h2>\u00dcberpr\u00fcfen von Abwasserleitungen und Rohren aller Art mit Wasser und Luft.<\/h2>\n<p>&nbsp;<\/p>\n<p>Wir f\u00fchren Dichtigkeitspr\u00fcfungen mit Wasser und Luft nach SIA 190\/2000, VSA- Richtlinie &#8222;<a href=\"http:\/\/www.vsa.ch\/publikationen\/shop\/produkt\/dichtheitspruefungen-an-abwasseranlagen\/\" target=\"_blank\">Dichtheitspr\u00fcfung an Abwasseranlagen 2002<\/a>&#8220; durch.<\/p>\n<p>Ob Haltungspr\u00fcfung (von Schacht zu Schacht), Schachtpr\u00fcfung oder Beh\u00e4lter- und Beckenkontrolle, wir verf\u00fcgen \u00fcber ein Equipment in allen Gr\u00f6ssen.<\/p>\n<p>&nbsp;<\/p>\n<p>Dichtigkeitspr\u00fcfungen tragen zum Umweltschutz bei. Sie\u00a0helfen das Versickern von ungekl\u00e4rten Abw\u00e4ssern zu verhindern. Sie sind n\u00f6tig\u00a0bei Leitungsbr\u00fcchen, Wurzeleinbr\u00fcchen, unsachgem\u00e4ssen Einbau von Rohren sowie bei \u00dcberalterung von Rohren.<\/p>\n<p>&nbsp;<\/p>\n<p>Fragen Sie uns f\u00fcr Ihren Auftrag an, <a href=\"https:\/\/www.naef-kanal.ch\/kanalreinigung\/kontakt\">verlangen Sie unsere Offerte<\/a>!<\/p>\n","protected":false},"excerpt":{"rendered":"<p>\u00dcberpr\u00fcfen von Abwasserleitungen und Rohren aller Art mit Wasser und Luft. &nbsp; Wir f\u00fchren Dichtigkeitspr\u00fcfungen mit Wasser und Luft nach SIA 190\/2000, VSA- Richtlinie &#8222;Dichtheitspr\u00fcfung an Abwasseranlagen 2002&#8220; durch. Ob Haltungspr\u00fcfung (von Schacht zu Schacht), Schachtpr\u00fcfung oder Beh\u00e4lter- und Beckenkontrolle, wir verf\u00fcgen \u00fcber ein Equipment in allen Gr\u00f6ssen. &nbsp; Dichtigkeitspr\u00fcfungen tragen zum Umweltschutz bei. Sie\u00a0helfen [&hellip;]<\/p>\n","protected":false},"author":2,"featured_media":0,"parent":13,"menu_order":6,"comment_status":"open","ping_status":"closed","template":"","meta":{"footnotes":""},"class_list":["post-272","page","type-page","status-publish","hentry"],"_links":{"self":[{"href":"https:\/\/www.naef-kanal.ch\/kanalreinigung\/wp-json\/wp\/v2\/pages\/272","targetHints":{"allow":["GET"]}}],"collection":[{"href":"https:\/\/www.naef-kanal.ch\/kanalreinigung\/wp-json\/wp\/v2\/pages"}],"about":[{"href":"https:\/\/www.naef-kanal.ch\/kanalreinigung\/wp-json\/wp\/v2\/types\/page"}],"author":[{"embeddable":true,"href":"https:\/\/www.naef-kanal.ch\/kanalreinigung\/wp-json\/wp\/v2\/users\/2"}],"replies":[{"embeddable":true,"href":"https:\/\/www.naef-kanal.ch\/kanalreinigung\/wp-json\/wp\/v2\/comments?post=272"}],"version-history":[{"count":0,"href":"https:\/\/www.naef-kanal.ch\/kanalreinigung\/wp-json\/wp\/v2\/pages\/272\/revisions"}],"up":[{"embeddable":true,"href":"https:\/\/www.naef-kanal.ch\/kanalreinigung\/wp-json\/wp\/v2\/pages\/13"}],"wp:attachment":[{"href":"https:\/\/www.naef-kanal.ch\/kanalreinigung\/wp-json\/wp\/v2\/media?parent=272"}],"curies":[{"name":"wp","href":"https:\/\/api.w.org\/{rel}","templated":true}]}}