{"id":274,"date":"2013-08-15T09:53:29","date_gmt":"2013-08-15T07:53:29","guid":{"rendered":"http:\/\/www.naef-kanal.ch\/kanalreinigung\/?page_id=274"},"modified":"2013-09-10T13:40:59","modified_gmt":"2013-09-10T11:40:59","slug":"leitungen-orten","status":"publish","type":"page","link":"https:\/\/www.naef-kanal.ch\/kanalreinigung\/dienstleistungen\/leitungen-orten\/","title":{"rendered":"Leitungen orten"},"content":{"rendered":"<h2>Leitungsortungen,\u00a0Feststellung von Leitungsverl\u00e4ufen und Kanalvermessungen<\/h2>\n<p>&nbsp;<\/p>\n<p>Mit unseren hochpr\u00e4zisen Sonden\u00a0k\u00f6nnen\u00a0wir\u00a0Leitungen orten, deren Verlauf aufzeichnen und Kan\u00e4le zentimetergenau vermessen.<\/p>\n<p>Unsere Sonden passen in\u00a0alle Rohre, es gibt keine Beschr\u00e4nkungen.<\/p>\n<p>&nbsp;<\/p>\n<p>Sie erhalten von uns bei jeder Leitungsortung detaillierte Protokolle. Auf Wunsch markieren wir Leitungsverl\u00e4ufe mit Markierungen wie Spray oder Pf\u00e4hlen.<\/p>\n<p>&nbsp;<\/p>\n<p>Fragen Sie uns f\u00fcr Ihren Auftrag an, <a href=\"https:\/\/www.naef-kanal.ch\/kanalreinigung\/kontakt\">verlangen Sie unsere Offerte<\/a>!<\/p>\n","protected":false},"excerpt":{"rendered":"<p>Leitungsortungen,\u00a0Feststellung von Leitungsverl\u00e4ufen und Kanalvermessungen &nbsp; Mit unseren hochpr\u00e4zisen Sonden\u00a0k\u00f6nnen\u00a0wir\u00a0Leitungen orten, deren Verlauf aufzeichnen und Kan\u00e4le zentimetergenau vermessen. Unsere Sonden passen in\u00a0alle Rohre, es gibt keine Beschr\u00e4nkungen. &nbsp; Sie erhalten von uns bei jeder Leitungsortung detaillierte Protokolle. Auf Wunsch markieren wir Leitungsverl\u00e4ufe mit Markierungen wie Spray oder Pf\u00e4hlen. &nbsp; Fragen Sie uns f\u00fcr Ihren Auftrag [&hellip;]<\/p>\n","protected":false},"author":2,"featured_media":0,"parent":13,"menu_order":7,"comment_status":"open","ping_status":"closed","template":"","meta":{"footnotes":""},"class_list":["post-274","page","type-page","status-publish","hentry"],"_links":{"self":[{"href":"https:\/\/www.naef-kanal.ch\/kanalreinigung\/wp-json\/wp\/v2\/pages\/274","targetHints":{"allow":["GET"]}}],"collection":[{"href":"https:\/\/www.naef-kanal.ch\/kanalreinigung\/wp-json\/wp\/v2\/pages"}],"about":[{"href":"https:\/\/www.naef-kanal.ch\/kanalreinigung\/wp-json\/wp\/v2\/types\/page"}],"author":[{"embeddable":true,"href":"https:\/\/www.naef-kanal.ch\/kanalreinigung\/wp-json\/wp\/v2\/users\/2"}],"replies":[{"embeddable":true,"href":"https:\/\/www.naef-kanal.ch\/kanalreinigung\/wp-json\/wp\/v2\/comments?post=274"}],"version-history":[{"count":0,"href":"https:\/\/www.naef-kanal.ch\/kanalreinigung\/wp-json\/wp\/v2\/pages\/274\/revisions"}],"up":[{"embeddable":true,"href":"https:\/\/www.naef-kanal.ch\/kanalreinigung\/wp-json\/wp\/v2\/pages\/13"}],"wp:attachment":[{"href":"https:\/\/www.naef-kanal.ch\/kanalreinigung\/wp-json\/wp\/v2\/media?parent=274"}],"curies":[{"name":"wp","href":"https:\/\/api.w.org\/{rel}","templated":true}]}}