{"id":276,"date":"2013-08-15T09:53:43","date_gmt":"2013-08-15T07:53:43","guid":{"rendered":"http:\/\/www.naef-kanal.ch\/kanalreinigung\/?page_id=276"},"modified":"2014-01-31T12:12:24","modified_gmt":"2014-01-31T10:12:24","slug":"strassen-waschen","status":"publish","type":"page","link":"https:\/\/www.naef-kanal.ch\/kanalreinigung\/dienstleistungen\/strassen-waschen\/","title":{"rendered":"Strassen waschen"},"content":{"rendered":"<h2>Reinigung mit Wasserhochdruck von Strassen, Pl\u00e4tzen und Vorpl\u00e4tzen.<\/h2>\n<p>&nbsp;<\/p>\n<p>In unserem\u00a0Fahrzeugpark\u00a0verf\u00fcgen wir \u00fcber\u00a0drei ausger\u00fcstete LKW&#8217;s, welche Strassen, Pl\u00e4tze und Vorpl\u00e4tze schnell und sauber reinigen.<\/p>\n<p>Die Waschbreite betr\u00e4gt 3,75 Meter, der Waschdruck ist bis 200 Bar und 500 Liter pro Minute m\u00f6glich.<\/p>\n<p>Haupts\u00e4chlich waschen wir Strassen vor Heissteerungen und bei starker Verschmutzung durch Unwetter oder Aushub.<\/p>\n<p>&nbsp;<\/p>\n\n<div class=\"ngg-galleryoverview\" id=\"ngg-gallery-12-276\">\n\n\n\t\n\t<!-- Thumbnails -->\n\t\t\n\t<div id=\"ngg-image-253\" class=\"ngg-gallery-thumbnail-box\"  >\n\t\t<div class=\"ngg-gallery-thumbnail\" >\n\t\t\t<a href=\"https:\/\/www.naef-kanal.ch\/kanalreinigung\/wp-content\/gallery\/strassenwaschen\/img_3029.jpg\" class=\"gallery_colorbox\" title=\" \"  >\n\t\t\t\t\t\t\t\t<img loading=\"lazy\" decoding=\"async\" title=\"Br\u00fccke\" alt=\" \" src=\"https:\/\/www.naef-kanal.ch\/kanalreinigung\/wp-content\/gallery\/strassenwaschen\/thumbs\/thumbs_img_3029.jpg\"  width=\"272\" height=\"153\" \/>\n\t\t\t\t\t\t\t<\/a>\n\t\t<\/div>\n\t<\/div>\n\t\n\t\t\n \t\t\n\t<div id=\"ngg-image-254\" class=\"ngg-gallery-thumbnail-box\"  >\n\t\t<div class=\"ngg-gallery-thumbnail\" >\n\t\t\t<a href=\"https:\/\/www.naef-kanal.ch\/kanalreinigung\/wp-content\/gallery\/strassenwaschen\/img_3030.jpg\" class=\"gallery_colorbox\" title=\" \"  >\n\t\t\t\t\t\t\t\t<img loading=\"lazy\" decoding=\"async\" title=\"Br\u00fccke\" alt=\" \" src=\"https:\/\/www.naef-kanal.ch\/kanalreinigung\/wp-content\/gallery\/strassenwaschen\/thumbs\/thumbs_img_3030.jpg\"  width=\"272\" height=\"153\" \/>\n\t\t\t\t\t\t\t<\/a>\n\t\t<\/div>\n\t<\/div>\n\t\n\t\t\n \t\t\n\t<div id=\"ngg-image-255\" class=\"ngg-gallery-thumbnail-box\"  >\n\t\t<div class=\"ngg-gallery-thumbnail\" >\n\t\t\t<a href=\"https:\/\/www.naef-kanal.ch\/kanalreinigung\/wp-content\/gallery\/strassenwaschen\/img_3251.jpg\" class=\"gallery_colorbox\" title=\" \"  >\n\t\t\t\t\t\t\t\t<img loading=\"lazy\" decoding=\"async\" title=\"Strasse\" alt=\" \" src=\"https:\/\/www.naef-kanal.ch\/kanalreinigung\/wp-content\/gallery\/strassenwaschen\/thumbs\/thumbs_img_3251.jpg\"  width=\"272\" height=\"153\" \/>\n\t\t\t\t\t\t\t<\/a>\n\t\t<\/div>\n\t<\/div>\n\t\n\t\t\n \t \t\n\t<!-- Pagination -->\n \t<div class=\"ngg-clear\"><\/div> \t\n<\/div>\n\n\n<p>&nbsp;<\/p>\n<p>Fragen Sie uns f\u00fcr Ihren Auftrag an, <a href=\"https:\/\/www.naef-kanal.ch\/kanalreinigung\/kontakt\">verlangen Sie unsere Offerte<\/a>!<\/p>\n","protected":false},"excerpt":{"rendered":"<p>Reinigung mit Wasserhochdruck von Strassen, Pl\u00e4tzen und Vorpl\u00e4tzen. &nbsp; In unserem\u00a0Fahrzeugpark\u00a0verf\u00fcgen wir \u00fcber\u00a0drei ausger\u00fcstete LKW&#8217;s, welche Strassen, Pl\u00e4tze und Vorpl\u00e4tze schnell und sauber reinigen. Die Waschbreite betr\u00e4gt 3,75 Meter, der Waschdruck ist bis 200 Bar und 500 Liter pro Minute m\u00f6glich. Haupts\u00e4chlich waschen wir Strassen vor Heissteerungen und bei starker Verschmutzung durch Unwetter oder Aushub. [&hellip;]<\/p>\n","protected":false},"author":2,"featured_media":0,"parent":13,"menu_order":8,"comment_status":"open","ping_status":"closed","template":"","meta":{"footnotes":""},"class_list":["post-276","page","type-page","status-publish","hentry"],"_links":{"self":[{"href":"https:\/\/www.naef-kanal.ch\/kanalreinigung\/wp-json\/wp\/v2\/pages\/276","targetHints":{"allow":["GET"]}}],"collection":[{"href":"https:\/\/www.naef-kanal.ch\/kanalreinigung\/wp-json\/wp\/v2\/pages"}],"about":[{"href":"https:\/\/www.naef-kanal.ch\/kanalreinigung\/wp-json\/wp\/v2\/types\/page"}],"author":[{"embeddable":true,"href":"https:\/\/www.naef-kanal.ch\/kanalreinigung\/wp-json\/wp\/v2\/users\/2"}],"replies":[{"embeddable":true,"href":"https:\/\/www.naef-kanal.ch\/kanalreinigung\/wp-json\/wp\/v2\/comments?post=276"}],"version-history":[{"count":1,"href":"https:\/\/www.naef-kanal.ch\/kanalreinigung\/wp-json\/wp\/v2\/pages\/276\/revisions"}],"predecessor-version":[{"id":1212,"href":"https:\/\/www.naef-kanal.ch\/kanalreinigung\/wp-json\/wp\/v2\/pages\/276\/revisions\/1212"}],"up":[{"embeddable":true,"href":"https:\/\/www.naef-kanal.ch\/kanalreinigung\/wp-json\/wp\/v2\/pages\/13"}],"wp:attachment":[{"href":"https:\/\/www.naef-kanal.ch\/kanalreinigung\/wp-json\/wp\/v2\/media?parent=276"}],"curies":[{"name":"wp","href":"https:\/\/api.w.org\/{rel}","templated":true}]}}